{"id":266,"date":"2018-08-17T01:21:53","date_gmt":"2018-08-16T23:21:53","guid":{"rendered":"http:\/\/www.sportsansfrontieres.be\/fietsen\/"},"modified":"2018-10-26T15:24:24","modified_gmt":"2018-10-26T13:24:24","slug":"fietsen","status":"publish","type":"page","link":"https:\/\/www.sportsansfrontieres.be\/nl\/fietsen\/","title":{"rendered":"Fietsen"},"content":{"rendered":"<p>Hallo,<\/p>\n<p>Mijn naam is Fai\u00e7al, een inwoner van de wereld van Marokkaanse origine, zonder dat een verblijfsvergunning in Belgi\u00eb wordt geregulariseerd in Belgi\u00eb. Ik werd verliefd op fietsen en ik nam het initiatief om op de fiets naar Belgi\u00eb te reizen. Ik vind er veel plezier en ik proef gevoelens van vrijheid en liefde voor de natuur tijdens het oversteken van de steden, het platteland, de dorpen en de landschappen. Ik vind de weg naar de machines die melk op het platteland oogsten. Ik maak graag foto&#8217;s en video&#8217;s van de prachtige landschappen van de natuur, schapen, koeien en paarden. Fietsen is belangrijk omdat het een sportactiviteit is die nodig is om een \u200b\u200bfysieke en morele conditie en gezondheid te behouden. Dankzij mijn fietservaring wil ik het land ontdekken en mensen bewust maken van het belang van fietsen. In het leven is het een essentieel hulpmiddel voor verplaatsing, het is ook een kwestie van opur alles. Fietsen is een essenti\u00eble hefboom om de uitdagingen van het territoriale verdringings- en gelijkheidsbeleid aan te gaan.<\/p>\n","protected":false},"excerpt":{"rendered":"<p>Hallo, Mijn naam is Fai\u00e7al, een inwoner van de wereld van Marokkaanse origine, zonder dat een verblijfsvergunning in Belgi\u00eb wordt geregulariseerd in Belgi\u00eb. Ik werd verliefd op fietsen en ik nam het initiatief om op de fiets naar Belgi\u00eb te reizen. Ik vind er veel plezier en ik proef gevoelens van vrijheid en liefde voor&hellip;<\/p>\n","protected":false},"author":4,"featured_media":0,"parent":0,"menu_order":0,"comment_status":"closed","ping_status":"closed","template":"template-blog-list.php","meta":{"footnotes":""},"class_list":["post-266","page","type-page","status-publish","hentry","description-off"],"yoast_head":"<!-- This site is optimized with the Yoast SEO plugin v26.0 - https:\/\/yoast.com\/wordpress\/plugins\/seo\/ -->\n<title>Fietsen - Sport sans fronti\u00e8res<\/title>\n<meta name=\"robots\" content=\"index, follow, max-snippet:-1, max-image-preview:large, max-video-preview:-1\" \/>\n<link rel=\"canonical\" href=\"https:\/\/www.sportsansfrontieres.be\/nl\/fietsen\/\" \/>\n<meta property=\"og:locale\" content=\"nl_NL\" \/>\n<meta property=\"og:type\" content=\"article\" \/>\n<meta property=\"og:title\" content=\"Fietsen - Sport sans fronti\u00e8res\" \/>\n<meta property=\"og:description\" content=\"Hallo, Mijn naam is Fai\u00e7al, een inwoner van de wereld van Marokkaanse origine, zonder dat een verblijfsvergunning in Belgi\u00eb wordt geregulariseerd in Belgi\u00eb. Ik werd verliefd op fietsen en ik nam het initiatief om op de fiets naar Belgi\u00eb te reizen. Ik vind er veel plezier en ik proef gevoelens van vrijheid en liefde voor&hellip;\" \/>\n<meta property=\"og:url\" content=\"https:\/\/www.sportsansfrontieres.be\/nl\/fietsen\/\" \/>\n<meta property=\"og:site_name\" content=\"Sport sans fronti\u00e8res\" \/>\n<meta property=\"article:modified_time\" content=\"2018-10-26T13:24:24+00:00\" \/>\n<meta name=\"twitter:card\" content=\"summary_large_image\" \/>\n<meta name=\"twitter:label1\" content=\"Geschatte leestijd\" \/>\n\t<meta name=\"twitter:data1\" content=\"1 minuut\" \/>\n<script type=\"application\/ld+json\" class=\"yoast-schema-graph\">{\"@context\":\"https:\/\/schema.org\",\"@graph\":[{\"@type\":\"WebPage\",\"@id\":\"https:\/\/www.sportsansfrontieres.be\/nl\/fietsen\/\",\"url\":\"https:\/\/www.sportsansfrontieres.be\/nl\/fietsen\/\",\"name\":\"Fietsen - Sport sans fronti\u00e8res\",\"isPartOf\":{\"@id\":\"https:\/\/www.sportsansfrontieres.be\/#website\"},\"datePublished\":\"2018-08-16T23:21:53+00:00\",\"dateModified\":\"2018-10-26T13:24:24+00:00\",\"breadcrumb\":{\"@id\":\"https:\/\/www.sportsansfrontieres.be\/nl\/fietsen\/#breadcrumb\"},\"inLanguage\":\"nl-NL\",\"potentialAction\":[{\"@type\":\"ReadAction\",\"target\":[\"https:\/\/www.sportsansfrontieres.be\/nl\/fietsen\/\"]}]},{\"@type\":\"BreadcrumbList\",\"@id\":\"https:\/\/www.sportsansfrontieres.be\/nl\/fietsen\/#breadcrumb\",\"itemListElement\":[{\"@type\":\"ListItem\",\"position\":1,\"name\":\"Accueil\",\"item\":\"https:\/\/www.sportsansfrontieres.be\/nl\/\"},{\"@type\":\"ListItem\",\"position\":2,\"name\":\"Fietsen\"}]},{\"@type\":\"WebSite\",\"@id\":\"https:\/\/www.sportsansfrontieres.be\/#website\",\"url\":\"https:\/\/www.sportsansfrontieres.be\/\",\"name\":\"Sport sans fronti\u00e8res\",\"description\":\"Sport scolaire\",\"potentialAction\":[{\"@type\":\"SearchAction\",\"target\":{\"@type\":\"EntryPoint\",\"urlTemplate\":\"https:\/\/www.sportsansfrontieres.be\/?s={search_term_string}\"},\"query-input\":{\"@type\":\"PropertyValueSpecification\",\"valueRequired\":true,\"valueName\":\"search_term_string\"}}],\"inLanguage\":\"nl-NL\"}]}<\/script>\n<!-- \/ Yoast SEO plugin. -->","yoast_head_json":{"title":"Fietsen - Sport sans fronti\u00e8res","robots":{"index":"index","follow":"follow","max-snippet":"max-snippet:-1","max-image-preview":"max-image-preview:large","max-video-preview":"max-video-preview:-1"},"canonical":"https:\/\/www.sportsansfrontieres.be\/nl\/fietsen\/","og_locale":"nl_NL","og_type":"article","og_title":"Fietsen - Sport sans fronti\u00e8res","og_description":"Hallo, Mijn naam is Fai\u00e7al, een inwoner van de wereld van Marokkaanse origine, zonder dat een verblijfsvergunning in Belgi\u00eb wordt geregulariseerd in Belgi\u00eb. Ik werd verliefd op fietsen en ik nam het initiatief om op de fiets naar Belgi\u00eb te reizen. Ik vind er veel plezier en ik proef gevoelens van vrijheid en liefde voor&hellip;","og_url":"https:\/\/www.sportsansfrontieres.be\/nl\/fietsen\/","og_site_name":"Sport sans fronti\u00e8res","article_modified_time":"2018-10-26T13:24:24+00:00","twitter_card":"summary_large_image","twitter_misc":{"Geschatte leestijd":"1 minuut"},"schema":{"@context":"https:\/\/schema.org","@graph":[{"@type":"WebPage","@id":"https:\/\/www.sportsansfrontieres.be\/nl\/fietsen\/","url":"https:\/\/www.sportsansfrontieres.be\/nl\/fietsen\/","name":"Fietsen - Sport sans fronti\u00e8res","isPartOf":{"@id":"https:\/\/www.sportsansfrontieres.be\/#website"},"datePublished":"2018-08-16T23:21:53+00:00","dateModified":"2018-10-26T13:24:24+00:00","breadcrumb":{"@id":"https:\/\/www.sportsansfrontieres.be\/nl\/fietsen\/#breadcrumb"},"inLanguage":"nl-NL","potentialAction":[{"@type":"ReadAction","target":["https:\/\/www.sportsansfrontieres.be\/nl\/fietsen\/"]}]},{"@type":"BreadcrumbList","@id":"https:\/\/www.sportsansfrontieres.be\/nl\/fietsen\/#breadcrumb","itemListElement":[{"@type":"ListItem","position":1,"name":"Accueil","item":"https:\/\/www.sportsansfrontieres.be\/nl\/"},{"@type":"ListItem","position":2,"name":"Fietsen"}]},{"@type":"WebSite","@id":"https:\/\/www.sportsansfrontieres.be\/#website","url":"https:\/\/www.sportsansfrontieres.be\/","name":"Sport sans fronti\u00e8res","description":"Sport scolaire","potentialAction":[{"@type":"SearchAction","target":{"@type":"EntryPoint","urlTemplate":"https:\/\/www.sportsansfrontieres.be\/?s={search_term_string}"},"query-input":{"@type":"PropertyValueSpecification","valueRequired":true,"valueName":"search_term_string"}}],"inLanguage":"nl-NL"}]}},"_links":{"self":[{"href":"https:\/\/www.sportsansfrontieres.be\/nl\/wp-json\/wp\/v2\/pages\/266","targetHints":{"allow":["GET"]}}],"collection":[{"href":"https:\/\/www.sportsansfrontieres.be\/nl\/wp-json\/wp\/v2\/pages"}],"about":[{"href":"https:\/\/www.sportsansfrontieres.be\/nl\/wp-json\/wp\/v2\/types\/page"}],"author":[{"embeddable":true,"href":"https:\/\/www.sportsansfrontieres.be\/nl\/wp-json\/wp\/v2\/users\/4"}],"replies":[{"embeddable":true,"href":"https:\/\/www.sportsansfrontieres.be\/nl\/wp-json\/wp\/v2\/comments?post=266"}],"version-history":[{"count":3,"href":"https:\/\/www.sportsansfrontieres.be\/nl\/wp-json\/wp\/v2\/pages\/266\/revisions"}],"predecessor-version":[{"id":1059,"href":"https:\/\/www.sportsansfrontieres.be\/nl\/wp-json\/wp\/v2\/pages\/266\/revisions\/1059"}],"wp:attachment":[{"href":"https:\/\/www.sportsansfrontieres.be\/nl\/wp-json\/wp\/v2\/media?parent=266"}],"curies":[{"name":"wp","href":"https:\/\/api.w.org\/{rel}","templated":true}]}}